{"id":17,"date":"2015-11-14T17:11:02","date_gmt":"2015-11-14T16:11:02","guid":{"rendered":"http:\/\/wp.schallmayer-folk.de\/?page_id=17"},"modified":"2024-09-09T23:23:41","modified_gmt":"2024-09-09T21:23:41","slug":"auftritte","status":"publish","type":"page","link":"https:\/\/www.schallmayer-folk.de\/index.php\/auftritte\/","title":{"rendered":"Auftritte"},"content":{"rendered":"<p style=\"text-align: center;\"><span style=\"color: #008000;\">Aus versicherungsrechtlichen Gr\u00fcnden m\u00fcssen wir ausdr\u00fccklich darauf hinweisen,<\/span><span style=\"color: #008000;\">dass die Teilnahme an unseren Tanzveranstaltungen auf eigene Gefahr erfolgt !<\/span><\/p>\n<p style=\"text-align: center;\">\u00a0<\/p>\n\n\n<figure class=\"wp-block-image size-large\"><a href=\"https:\/\/www.schallmayer-folk.de\/wp-content\/uploads\/2024\/09\/FestNozPlakat22_2024-scaled.jpg\"><img loading=\"lazy\" decoding=\"async\" width=\"728\" height=\"1024\" src=\"https:\/\/www.schallmayer-folk.de\/wp-content\/uploads\/2024\/09\/FestNozPlakat22_2024-728x1024.jpg\" alt=\"\" class=\"wp-image-368\" srcset=\"https:\/\/www.schallmayer-folk.de\/wp-content\/uploads\/2024\/09\/FestNozPlakat22_2024-728x1024.jpg 728w, https:\/\/www.schallmayer-folk.de\/wp-content\/uploads\/2024\/09\/FestNozPlakat22_2024-213x300.jpg 213w, https:\/\/www.schallmayer-folk.de\/wp-content\/uploads\/2024\/09\/FestNozPlakat22_2024-768x1080.jpg 768w, https:\/\/www.schallmayer-folk.de\/wp-content\/uploads\/2024\/09\/FestNozPlakat22_2024-1092x1536.jpg 1092w, https:\/\/www.schallmayer-folk.de\/wp-content\/uploads\/2024\/09\/FestNozPlakat22_2024-1457x2048.jpg 1457w, https:\/\/www.schallmayer-folk.de\/wp-content\/uploads\/2024\/09\/FestNozPlakat22_2024-scaled.jpg 1821w\" sizes=\"auto, (max-width: 728px) 100vw, 728px\" \/><\/a><\/figure>\n","protected":false},"excerpt":{"rendered":"<p>Aus versicherungsrechtlichen Gr\u00fcnden m\u00fcssen wir ausdr\u00fccklich darauf hinweisen,dass die Teilnahme an unseren Tanzveranstaltungen auf eigene Gefahr erfolgt ! \u00a0<\/p>\n","protected":false},"author":2,"featured_media":0,"parent":0,"menu_order":0,"comment_status":"closed","ping_status":"closed","template":"","meta":{"footnotes":""},"class_list":["post-17","page","type-page","status-publish","hentry"],"_links":{"self":[{"href":"https:\/\/www.schallmayer-folk.de\/index.php\/wp-json\/wp\/v2\/pages\/17","targetHints":{"allow":["GET"]}}],"collection":[{"href":"https:\/\/www.schallmayer-folk.de\/index.php\/wp-json\/wp\/v2\/pages"}],"about":[{"href":"https:\/\/www.schallmayer-folk.de\/index.php\/wp-json\/wp\/v2\/types\/page"}],"author":[{"embeddable":true,"href":"https:\/\/www.schallmayer-folk.de\/index.php\/wp-json\/wp\/v2\/users\/2"}],"replies":[{"embeddable":true,"href":"https:\/\/www.schallmayer-folk.de\/index.php\/wp-json\/wp\/v2\/comments?post=17"}],"version-history":[{"count":55,"href":"https:\/\/www.schallmayer-folk.de\/index.php\/wp-json\/wp\/v2\/pages\/17\/revisions"}],"predecessor-version":[{"id":369,"href":"https:\/\/www.schallmayer-folk.de\/index.php\/wp-json\/wp\/v2\/pages\/17\/revisions\/369"}],"wp:attachment":[{"href":"https:\/\/www.schallmayer-folk.de\/index.php\/wp-json\/wp\/v2\/media?parent=17"}],"curies":[{"name":"wp","href":"https:\/\/api.w.org\/{rel}","templated":true}]}}